{"id":94,"date":"2023-02-06T17:41:05","date_gmt":"2023-02-06T17:41:05","guid":{"rendered":"https:\/\/autorealitzacio.com\/?page_id=94"},"modified":"2023-02-06T17:41:05","modified_gmt":"2023-02-06T17:41:05","slug":"que-es-lautorealitzacio","status":"publish","type":"page","link":"https:\/\/autorealitzacio.com\/?page_id=94","title":{"rendered":"Qu\u00e8 \u00e9s l&#8217;autorealitzaci\u00f3"},"content":{"rendered":"<div class=\"wp-block-image\">\n<figure class=\"aligncenter size-large is-resized\"><img decoding=\"async\" loading=\"lazy\" src=\"https:\/\/autorealitzacio.com\/wp-content\/uploads\/2023\/02\/FI-balena-1024x635.jpg\" alt=\"\" class=\"wp-image-77\" width=\"458\" height=\"283\" srcset=\"https:\/\/autorealitzacio.com\/wp-content\/uploads\/2023\/02\/FI-balena-1024x635.jpg 1024w, https:\/\/autorealitzacio.com\/wp-content\/uploads\/2023\/02\/FI-balena-300x186.jpg 300w, https:\/\/autorealitzacio.com\/wp-content\/uploads\/2023\/02\/FI-balena-768x476.jpg 768w, https:\/\/autorealitzacio.com\/wp-content\/uploads\/2023\/02\/FI-balena-960x595.jpg 960w, https:\/\/autorealitzacio.com\/wp-content\/uploads\/2023\/02\/FI-balena.jpg 1087w\" sizes=\"(max-width: 458px) 100vw, 458px\" \/><\/figure><\/div>\n\n\n<p><\/p>\n\n\n\n<p>Qu\u00e8 es vol dir amb autorealitzaci\u00f3?<\/p>\n\n\n\n<p>Com a desenvolupament:<\/p>\n\n\n\n<p>- Viure amb la m\u00e0xima plenitud, independ\u00e8ncia, espontane\u00eftat i veracitat possible.<\/p>\n\n\n\n<p>- Desenvolupar el potencial de vida; intel\u00b7lig\u00e8ncia, harmonia i for\u00e7a, de manera que hi hagi una coher\u00e8ncia entre el meu veure, sentir i actuar.<\/p>\n\n\n\n<p>- Augmentar la sensibilitat i sinceritat, expandint la consci\u00e8ncia, diluint els desordres emocionals.<\/p>\n\n\n\n<p>Com a espiritualitzaci\u00f3:<\/p>\n\n\n\n<p>- Reconeixement de la de la real identitat essencial de Ser, clara consci\u00e8ncia de qui s\u00f3c.<\/p>\n\n\n\n<p>- Abs\u00e8ncia de cercar models de ser i qualsevol tipus de perfeccionisme.<\/p>\n\n\n\n<p>- Constant transcend\u00e8ncia del \u201cjo personal\u201d, viure l\u2019ara i aqu\u00ed de manera permanent.<\/p>\n\n\n\n<p>- Establir-se en l\u2019estat natural de serenitat \u00edntima, atenci\u00f3 tranquil\u00b7la, silenci interior, contemplaci\u00f3 creativa, sense esfor\u00e7.<br>La ter\u00e0pia unitiva per l\u2019autorealitzaci\u00f3 \u00e9s un model que concreta, clarifica i simplifica tota una s\u00e8rie d\u2019ensenyances i t\u00e8cniques per la comprensi\u00f3 profunda de la problem\u00e0tica humana, pel desenvolupament i viv\u00e8ncia de la real plenitud i la transcend\u00e8ncia.<\/p>\n\n\n\n<p>L\u2019autorealitzaci\u00f3 no pret\u00e9n anar solucionant aspectes concrets de la problem\u00e0tica personal (encara que com a efecte col\u00b7lateral es van solucionant i diluint), sin\u00f3 que \u00e9s un treball vers l\u2019espiritualitat (ioga) , \u00e9s a dir:<br>canviar el punt de vista des de on estic vivint, per recuperar el punt de vista i de vida aut\u00e8ntic i perenne, descobrir qui s\u00f3c realment, on el desordre emocional i el patiment queda transcendit.<\/p>\n","protected":false},"excerpt":{"rendered":"<p>Qu\u00e8 es vol dir amb autorealitzaci\u00f3? Com a desenvolupament: - Viure amb la m\u00e0xima plenitud, independ\u00e8ncia, espontane\u00eftat i veracitat possible. - Desenvolupar el potencial de vida; intel\u00b7lig\u00e8ncia, harmonia i for\u00e7a, de manera que hi hagi una coher\u00e8ncia entre el meu veure, sentir i actuar. - Augmentar la sensibilitat i sinceritat, expandint la consci\u00e8ncia, diluint els <a href=\"https:\/\/autorealitzacio.com\/?page_id=94\" class=\"more-link\">...contin\u00faa leyendo<span class=\"screen-reader-text\"> \"Qu\u00e8 \u00e9s l&#8217;autorealitzaci\u00f3\"<\/span><\/a><\/p>\n","protected":false},"author":1,"featured_media":0,"parent":0,"menu_order":0,"comment_status":"closed","ping_status":"closed","template":"","meta":[],"_links":{"self":[{"href":"https:\/\/autorealitzacio.com\/index.php?rest_route=\/wp\/v2\/pages\/94"}],"collection":[{"href":"https:\/\/autorealitzacio.com\/index.php?rest_route=\/wp\/v2\/pages"}],"about":[{"href":"https:\/\/autorealitzacio.com\/index.php?rest_route=\/wp\/v2\/types\/page"}],"author":[{"embeddable":true,"href":"https:\/\/autorealitzacio.com\/index.php?rest_route=\/wp\/v2\/users\/1"}],"replies":[{"embeddable":true,"href":"https:\/\/autorealitzacio.com\/index.php?rest_route=%2Fwp%2Fv2%2Fcomments&post=94"}],"version-history":[{"count":1,"href":"https:\/\/autorealitzacio.com\/index.php?rest_route=\/wp\/v2\/pages\/94\/revisions"}],"predecessor-version":[{"id":95,"href":"https:\/\/autorealitzacio.com\/index.php?rest_route=\/wp\/v2\/pages\/94\/revisions\/95"}],"wp:attachment":[{"href":"https:\/\/autorealitzacio.com\/index.php?rest_route=%2Fwp%2Fv2%2Fmedia&parent=94"}],"curies":[{"name":"wp","href":"https:\/\/api.w.org\/{rel}","templated":true}]}}