{"id":54,"date":"2023-02-05T10:16:04","date_gmt":"2023-02-05T10:16:04","guid":{"rendered":"https:\/\/autorealitzacio.com\/?page_id=54"},"modified":"2023-02-05T10:16:04","modified_gmt":"2023-02-05T10:16:04","slug":"el-professor","status":"publish","type":"page","link":"https:\/\/autorealitzacio.com\/?page_id=54","title":{"rendered":"El Professor."},"content":{"rendered":"\n<figure class=\"wp-block-image size-full is-resized\"><img decoding=\"async\" loading=\"lazy\" src=\"https:\/\/autorealitzacio.com\/wp-content\/uploads\/2023\/02\/jo-per-web-1-1024x768-1.jpg\" alt=\"\" class=\"wp-image-18\" width=\"313\" height=\"235\" srcset=\"https:\/\/autorealitzacio.com\/wp-content\/uploads\/2023\/02\/jo-per-web-1-1024x768-1.jpg 1024w, https:\/\/autorealitzacio.com\/wp-content\/uploads\/2023\/02\/jo-per-web-1-1024x768-1-300x225.jpg 300w, https:\/\/autorealitzacio.com\/wp-content\/uploads\/2023\/02\/jo-per-web-1-1024x768-1-768x576.jpg 768w, https:\/\/autorealitzacio.com\/wp-content\/uploads\/2023\/02\/jo-per-web-1-1024x768-1-960x720.jpg 960w\" sizes=\"(max-width: 313px) 100vw, 313px\" \/><\/figure>\n\n\n\n<p>Jordi Febrer<\/p>\n\n\n\n<p>\u00b7 Certificat oficial de professionalitat en instrucci\u00f3 de yoga.<br>\u00b7 Professor de ioga diplomat per APAYI i AEPY.<br>\u00b7 Membre de APAYI ( Asociaci\u00f3n de Psicolog\u00eda para la Autorealizaci\u00f3n y Yoga Integral), actualment &nbsp; &nbsp; &nbsp; &nbsp; &nbsp;tamb\u00e9 forma part de la junta directiva.<br>\u00b7 Membre de&nbsp;FCI&nbsp;( Federaci\u00f3 Catalana de Ioga).<br>\u00b7 Acreditat en ioga per l\u2019ICQP ( Institut Catal\u00e0 de Qualificacions Professionals).<\/p>\n\n\n\n<p>Va comen\u00e7ar la pr\u00e0ctica regular del yoga integral l\u2019any 1986 en un centre-ashram de la l\u00ednia Satyananda. Anys m\u00e9s tard tamb\u00e9 practica diferents estils de yoga f\u00edsic: Kundalini, Viniyoga, Iyengar.<br>Interessat per la salut, el benestar i la realitzaci\u00f3 humana, fa formacions i practica en diferents disciplines: Katsugen, reiki, Shiatsu, higienisme, Tai txi, flors de Bach, chi kung, vipasana i diferents l\u00ednies de meditaci\u00f3.<br>Es forma en practitioner PNL ( Programaci\u00f3 Neuro-ling\u00fc\u00edstica ) en ITACA-SEPNL.<br>Al 2004 comen\u00e7a la formaci\u00f3 de professor de yoga a l\u2019Escola de Ioga i Salut Integral dirigida per Jordi Barqu\u00e9, persona de la que rep l\u2019aut\u00e8ntica ess\u00e8ncia del yoga i del reconeixement de ser. Durant 5 anys tamb\u00e9 amb el mestre Jordi Barqu\u00e9 aprofundeix en la investigaci\u00f3 de la realitat i la psicologia humana a trav\u00e9s del curs de la psicologia de l\u2019autorealitzaci\u00f3, del J\u00f1ana yoga, tantra i de la vedanta advaita.<br>S\u2019ha format en yoga cl\u00e0ssic ( yoga de Pata\u00f1jali ) amb Swami Shankaratilakananda a Vedic Vydy\u00e2laya ( Escola v\u00e8dica \u2013 vedic Foundation ).<br>S\u2019ha format amb el Dr. Francisco Luid ( Swami Tirthananda Saraswati ) en yoga chikitsa ( yoga terap\u00e8utic ) una manera y\u00f2guica de prevenir i abordar les malalties. I aprofundiment en filosofia del yoga.<br>S\u2019ha format amb el fisioterapeuta \u00c0lex Monasterio ( Columna Sana ) en ioga aplicat al tractament i treball de la columna vertebral i l\u2019aparell locomotor.<br>Ha seguit ensenyances en retirs de silenci i meditaci\u00f3 amb M\u00aa Pepa Burgos, deixeble directe d\u2019Antonio Blay<br>Ha seguit i participat en les ensenyances de la tradici\u00f3 v\u00e8dica (tradici\u00f3 d\u2019on prov\u00e9 el yoga) durant 2 anys en retirs, seminaris, satsangs amb Swami Satyananda Saraswati sobre l\u2019estudi dels Yoga Sutra, Upanishad, Shankaracharia, Yoga Vashista, Bagavad Gita, i altres mestres i texts tradicionals de l\u2019hinduisme.<br>A l\u2019any 2005 comen\u00e7a a dedicar-se professionalment a impartir yoga i autorealitzaci\u00f3. Actualment imparteix classes, cursos i retirs de yoga integral, meditaci\u00f3 i autorealitzaci\u00f3.<\/p>\n\n\n\n<p>En els darrers temps&nbsp; d'aquest cam\u00ed espiritual torna a mantenir durant uns anys una relaci\u00f3 en la investigaci\u00f3 de la realitat amb el mestre Jordi Barqu\u00e9 d'una manera m\u00e9s directa i intensa.<\/p>\n","protected":false},"excerpt":{"rendered":"<p>Jordi Febrer \u00b7 Certificat oficial de professionalitat en instrucci\u00f3 de yoga.\u00b7 Professor de ioga diplomat per APAYI i AEPY.\u00b7 Membre de APAYI ( Asociaci\u00f3n de Psicolog\u00eda para la Autorealizaci\u00f3n y Yoga Integral), actualment &nbsp; &nbsp; &nbsp; &nbsp; &nbsp;tamb\u00e9 forma part de la junta directiva.\u00b7 Membre de&nbsp;FCI&nbsp;( Federaci\u00f3 Catalana de Ioga).\u00b7 Acreditat en ioga per l\u2019ICQP <a href=\"https:\/\/autorealitzacio.com\/?page_id=54\" class=\"more-link\">...contin\u00faa leyendo<span class=\"screen-reader-text\"> \"El Professor.\"<\/span><\/a><\/p>\n","protected":false},"author":1,"featured_media":0,"parent":0,"menu_order":0,"comment_status":"closed","ping_status":"closed","template":"","meta":[],"_links":{"self":[{"href":"https:\/\/autorealitzacio.com\/index.php?rest_route=\/wp\/v2\/pages\/54"}],"collection":[{"href":"https:\/\/autorealitzacio.com\/index.php?rest_route=\/wp\/v2\/pages"}],"about":[{"href":"https:\/\/autorealitzacio.com\/index.php?rest_route=\/wp\/v2\/types\/page"}],"author":[{"embeddable":true,"href":"https:\/\/autorealitzacio.com\/index.php?rest_route=\/wp\/v2\/users\/1"}],"replies":[{"embeddable":true,"href":"https:\/\/autorealitzacio.com\/index.php?rest_route=%2Fwp%2Fv2%2Fcomments&post=54"}],"version-history":[{"count":1,"href":"https:\/\/autorealitzacio.com\/index.php?rest_route=\/wp\/v2\/pages\/54\/revisions"}],"predecessor-version":[{"id":55,"href":"https:\/\/autorealitzacio.com\/index.php?rest_route=\/wp\/v2\/pages\/54\/revisions\/55"}],"wp:attachment":[{"href":"https:\/\/autorealitzacio.com\/index.php?rest_route=%2Fwp%2Fv2%2Fmedia&parent=54"}],"curies":[{"name":"wp","href":"https:\/\/api.w.org\/{rel}","templated":true}]}}