{"id":34,"date":"2023-02-03T15:26:14","date_gmt":"2023-02-03T15:26:14","guid":{"rendered":"https:\/\/autorealitzacio.com\/?page_id=34"},"modified":"2025-02-23T20:44:28","modified_gmt":"2025-02-23T20:44:28","slug":"classes","status":"publish","type":"page","link":"https:\/\/autorealitzacio.com\/?page_id=34","title":{"rendered":"Classes"},"content":{"rendered":"<div class=\"wp-block-image\">\n<figure class=\"aligncenter size-full is-resized\"><img decoding=\"async\" loading=\"lazy\" src=\"https:\/\/autorealitzacio.com\/wp-content\/uploads\/2023\/02\/Jordi-classes-online-1024x529-2.jpg\" alt=\"\" class=\"wp-image-20\" width=\"637\" height=\"328\" srcset=\"https:\/\/autorealitzacio.com\/wp-content\/uploads\/2023\/02\/Jordi-classes-online-1024x529-2.jpg 1024w, https:\/\/autorealitzacio.com\/wp-content\/uploads\/2023\/02\/Jordi-classes-online-1024x529-2-300x155.jpg 300w, https:\/\/autorealitzacio.com\/wp-content\/uploads\/2023\/02\/Jordi-classes-online-1024x529-2-768x397.jpg 768w, https:\/\/autorealitzacio.com\/wp-content\/uploads\/2023\/02\/Jordi-classes-online-1024x529-2-960x496.jpg 960w\" sizes=\"(max-width: 637px) 100vw, 637px\" \/><\/figure><\/div>\n\n\n<h4>Classes online:<\/h4>\n\n\n\n<p class=\"has-luminous-vivid-orange-color has-text-color\"><strong>-Yoga Integral:<\/strong><\/p>\n\n\n\n<p>Classes on es treballa diferents pr\u00e0ctiques de yoga; karana, relaxaci\u00f3, asana, pranayama, dharana, meditaci\u00f3. L'eix fonamental de la classe \u00e9s la indicaci\u00f3 de pres\u00e8ncia i reconeixement de ser.<\/p>\n\n\n\n<p class=\"has-vivid-cyan-blue-color has-text-color\">Horari: Dilluns de 20:00h a 21:15h.<\/p>\n\n\n\n<p><\/p>\n\n\n\n<p class=\"has-luminous-vivid-orange-color has-text-color\"><strong>-Meditaci\u00f3:<\/strong><\/p>\n\n\n\n<p>Acompanyament i guia en dues tandes de meditaci\u00f3, amb unes breus preparacions f\u00edsiques i pausa entre les dues pr\u00e0ctiques.<\/p>\n\n\n\n<p class=\"has-vivid-cyan-blue-color has-text-color\">Horari: Dimecres de 20:00h a 21:00h.<\/p>\n\n\n\n<p><\/p>\n\n\n\n<p><\/p>\n\n\n\n<p class=\"has-luminous-vivid-orange-color has-text-color\"><strong>-Aprofundiment en yoga, meditaci\u00f3 i autorealitzaci\u00f3:<\/strong><\/p>\n\n\n\n<p>Pr\u00e0ctica de tantra-yoga din\u00e0mic, pranayama, meditaci\u00f3 i estudi i pr\u00e0ctica de t\u00e8cniques d'autorealitzaci\u00f3 i diferents aproximacions m\u00edstiques, principalment del hinduisme i advaita.<\/p>\n\n\n\n<p class=\"has-vivid-cyan-blue-color has-text-color\">Horari: Divendres de 19:30h a 21:30h.<\/p>\n\n\n\n<h6>&nbsp;<\/h6>\n","protected":false},"excerpt":{"rendered":"<p>Classes online: -Yoga Integral: Classes on es treballa diferents pr\u00e0ctiques de yoga; karana, relaxaci\u00f3, asana, pranayama, dharana, meditaci\u00f3. L'eix fonamental de la classe \u00e9s la indicaci\u00f3 de pres\u00e8ncia i reconeixement de ser. Horari: Dilluns de 20:00h a 21:15h. -Meditaci\u00f3: Acompanyament i guia en dues tandes de meditaci\u00f3, amb unes breus preparacions f\u00edsiques i pausa entre <a href=\"https:\/\/autorealitzacio.com\/?page_id=34\" class=\"more-link\">...contin\u00faa leyendo<span class=\"screen-reader-text\"> \"Classes\"<\/span><\/a><\/p>\n","protected":false},"author":1,"featured_media":0,"parent":0,"menu_order":0,"comment_status":"closed","ping_status":"closed","template":"","meta":[],"_links":{"self":[{"href":"https:\/\/autorealitzacio.com\/index.php?rest_route=\/wp\/v2\/pages\/34"}],"collection":[{"href":"https:\/\/autorealitzacio.com\/index.php?rest_route=\/wp\/v2\/pages"}],"about":[{"href":"https:\/\/autorealitzacio.com\/index.php?rest_route=\/wp\/v2\/types\/page"}],"author":[{"embeddable":true,"href":"https:\/\/autorealitzacio.com\/index.php?rest_route=\/wp\/v2\/users\/1"}],"replies":[{"embeddable":true,"href":"https:\/\/autorealitzacio.com\/index.php?rest_route=%2Fwp%2Fv2%2Fcomments&post=34"}],"version-history":[{"count":3,"href":"https:\/\/autorealitzacio.com\/index.php?rest_route=\/wp\/v2\/pages\/34\/revisions"}],"predecessor-version":[{"id":139,"href":"https:\/\/autorealitzacio.com\/index.php?rest_route=\/wp\/v2\/pages\/34\/revisions\/139"}],"wp:attachment":[{"href":"https:\/\/autorealitzacio.com\/index.php?rest_route=%2Fwp%2Fv2%2Fmedia&parent=34"}],"curies":[{"name":"wp","href":"https:\/\/api.w.org\/{rel}","templated":true}]}}